{"id":2,"date":"2026-03-03T10:44:53","date_gmt":"2026-03-03T09:44:53","guid":{"rendered":"https:\/\/example.com\/?page_id=2"},"modified":"2026-03-07T16:16:27","modified_gmt":"2026-03-07T15:16:27","slug":"przykladowa-strona","status":"publish","type":"page","link":"https:\/\/neokatechezy.pl\/","title":{"rendered":"ZAPROSZENIE"},"content":{"rendered":"\n<p>&#8222;Przyjd\u017acie do Mnie wszyscy, kt\u00f3rzy utrudzeni i obci\u0105\u017ceni jeste\u015bcie&#8221; [Mt 11,28]<\/p>\n\n\n\n<p class=\"has-text-align-center has-text-color has-link-color has-medium-font-size wp-elements-38fba6e58b6725c471794f09c85e5594\" style=\"color:#b03232\">ROZPOCZYNAMY KATECHEZY ZWIASTOWANIA W PARAFII O. CYSTERS\u00d3W!<\/p>\n\n\n\n<p class=\"has-text-align-center has-text-color has-link-color has-large-font-size wp-elements-00dee9040036e6dfba2d525d7f147d75\" style=\"color:#ff0000\"><strong>ZAPRASZAMY OD NIEDZIELI 12.04.2026<\/strong><\/p>\n\n\n\n<p>Dalej spotkania:<\/p>\n\n\n\n<ul class=\"wp-block-list\">\n<li>w czwartki na 19:00<\/li>\n\n\n\n<li>w niedziele na 19:00<\/li>\n<\/ul>\n\n\n\n<hr class=\"wp-block-separator has-alpha-channel-opacity\"\/>\n\n\n\n<ul class=\"wp-block-list\">\n<li>szukasz sensu \u017cycia?<\/li>\n\n\n\n<li>nie odnajdujesz si\u0119 w \u015bwiecie?<\/li>\n\n\n\n<li>czujesz si\u0119 samotny?<\/li>\n\n\n\n<li>rozpad\u0142o Ci si\u0119 ma\u0142\u017ce\u0144stwo?<\/li>\n\n\n\n<li>zrobi\u0142e\u015b co\u015b g\u0142upiego?<\/li>\n\n\n\n<li>nie czujesz si\u0119 kochany?<\/li>\n<\/ul>\n\n\n\n<p><strong>PRZYJD\u0179 KONIECZNIE!<\/strong><\/p>\n\n\n\n<p><strong>Jezus ma S\u0142owo \u017cycia w\u0142a\u015bnie dla Ciebie!<\/strong><\/p>\n\n\n\n<hr class=\"wp-block-separator has-alpha-channel-opacity\"\/>\n\n\n\n<p>Spotkania b\u0119d\u0105 odbywa\u0107 si\u0119 w ko\u015bciele po wieczornej Mszy \u015awi\u0119tej (najwcze\u015bniej od 19:00) w ka\u017cdy czwartek i niedziel\u0119.<\/p>\n\n\n\n<ul class=\"wp-block-list\">\n<li><a href=\"https:\/\/neokatechezy.pl\/wp-content\/uploads\/2026\/03\/Plakat_A1.pdf\" data-type=\"link\" data-id=\"https:\/\/neokatechezy.pl\/wp-content\/uploads\/2026\/03\/Plakat_A1.pdf\" target=\"_blank\" rel=\"noreferrer noopener\">Pobierz plakat<\/a><\/li>\n\n\n\n<li><a href=\"https:\/\/neokatechezy.pl\/wp-content\/uploads\/2026\/03\/zaproszenie-CYSTRSI.pdf\" target=\"_blank\" rel=\"noreferrer noopener\">Pobierz ulotk\u0119<\/a><\/li>\n<\/ul>\n\n\n\n<hr class=\"wp-block-separator has-alpha-channel-opacity\"\/>\n\n\n\n<blockquote class=\"wp-block-quote is-layout-flow wp-block-quote-is-layout-flow\">\n<p class=\"has-contrast-3-background-color has-background\">Droga Neokatechumenalna narodzi\u0142a si\u0119 w 1964 roku w barakach slums\u00f3w Palomeras Altas w Madrycie (Hiszpania). \u015arodowisko slums\u00f3w tworzyli najbardziej zdegradowani cz\u0142onkowie spo\u0142ecze\u0144stwa: Cyganie i z\u0142omiarze, w du\u017cej mierze analfabeci, w\u0142\u00f3cz\u0119dzy, z\u0142odzieje, prostytutki, m\u0142odzi przest\u0119pcy, imigranci itd. To w\u0142a\u015bnie w tym \u015brodowisku kie\u0142kowa\u0142o ziarno Drogi Neokatechumenalnej. W\u015br\u00f3d ubogich i zepchni\u0119tych na margines, kt\u00f3rzy przyj\u0119li or\u0119dzie Chrystusa, umar\u0142ego i zmartwychwsta\u0142ego, by\u0142o widoczne, jak Duch \u015awi\u0119ty inicjuje proces wtajemniczenia chrze\u015bcija\u0144skiego, na wz\u00f3r katechumenatu Ko\u015bcio\u0142a pierwotnego.<br><br>Biskup Casimiro Morcillo odwiedza baraki w Madrycie. Towarzysz\u0105 mu Kiko Arg\u00fcello i Carmen Hern\u00e1ndez<br>Na pocz\u0105tku lat 60. hiszpa\u0144ski malarz Francisco Jos\u00e9 G\u00f3mez Arg\u00fcello (Kiko), laureat Narodowej Nagrody Malarskiej za rok 1959, po prze\u017cyciu kryzysu egzystencjalnego odkrywa w cierpieniu niewinnych tajemnic\u0119 Chrystusa Ukrzy\u017cowanego, obecnego w ostatnim miejscu na ziemi. To do\u015bwiadczenie prowadzi go do porzucenia wszystkiego. Pod\u0105\u017caj\u0105c \u015bladami Charles\u2019a de Foucauld, postanawia zamieszka\u0107 w\u015br\u00f3d biednych z Palomeras Altas.<br><br>W tych okoliczno\u015bciach otrzymuje natchnienie Dziewicy Maryi: \u201eTrzeba tworzy\u0107 wsp\u00f3lnoty chrze\u015bcija\u0144skie na wz\u00f3r \u015awi\u0119tej Rodziny z Nazaretu, kt\u00f3re \u017cy\u0142yby w pokorze, prostocie i uwielbieniu. Drugi jest Chrystusem\u201d.<\/p>\n<\/blockquote>\n\n\n\n<p class=\"has-small-font-size\">\u017ar\u00f3d\u0142o: <a href=\"https:\/\/neocatechumenaleiter.org\/pl\/historia\/#pocz%C4%85tek\" target=\"_blank\" rel=\"noreferrer noopener\">https:\/\/neocatechumenaleiter.org\/pl\/historia\/#pocz%C4%85tek<\/a><\/p>\n","protected":false},"excerpt":{"rendered":"<p>&#8222;Przyjd\u017acie do Mnie wszyscy, kt\u00f3rzy utrudzeni i obci\u0105\u017ceni jeste\u015bcie&#8221; [Mt 11,28] ROZPOCZYNAMY KATECHEZY ZWIASTOWANIA W PARAFII O. CYSTERS\u00d3W! ZAPRASZAMY OD NIEDZIELI 12.04.2026 Dalej spotkania: PRZYJD\u0179 KONIECZNIE! Jezus ma S\u0142owo \u017cycia w\u0142a\u015bnie dla Ciebie! Spotkania b\u0119d\u0105 odbywa\u0107 si\u0119 w ko\u015bciele po wieczornej Mszy \u015awi\u0119tej (najwcze\u015bniej od 19:00) w ka\u017cdy czwartek i niedziel\u0119. Droga Neokatechumenalna narodzi\u0142a si\u0119 &#8230; <a title=\"ZAPROSZENIE\" class=\"read-more\" href=\"https:\/\/neokatechezy.pl\/\" aria-label=\"Dowiedz si\u0119 wi\u0119cej o ZAPROSZENIE\">Dowiedz si\u0119 wi\u0119cej<\/a><\/p>\n","protected":false},"author":1,"featured_media":0,"parent":0,"menu_order":0,"comment_status":"closed","ping_status":"open","template":"","meta":{"footnotes":""},"class_list":["post-2","page","type-page","status-publish"],"_links":{"self":[{"href":"https:\/\/neokatechezy.pl\/index.php?rest_route=\/wp\/v2\/pages\/2","targetHints":{"allow":["GET"]}}],"collection":[{"href":"https:\/\/neokatechezy.pl\/index.php?rest_route=\/wp\/v2\/pages"}],"about":[{"href":"https:\/\/neokatechezy.pl\/index.php?rest_route=\/wp\/v2\/types\/page"}],"author":[{"embeddable":true,"href":"https:\/\/neokatechezy.pl\/index.php?rest_route=\/wp\/v2\/users\/1"}],"replies":[{"embeddable":true,"href":"https:\/\/neokatechezy.pl\/index.php?rest_route=%2Fwp%2Fv2%2Fcomments&post=2"}],"version-history":[{"count":18,"href":"https:\/\/neokatechezy.pl\/index.php?rest_route=\/wp\/v2\/pages\/2\/revisions"}],"predecessor-version":[{"id":70,"href":"https:\/\/neokatechezy.pl\/index.php?rest_route=\/wp\/v2\/pages\/2\/revisions\/70"}],"wp:attachment":[{"href":"https:\/\/neokatechezy.pl\/index.php?rest_route=%2Fwp%2Fv2%2Fmedia&parent=2"}],"curies":[{"name":"wp","href":"https:\/\/api.w.org\/{rel}","templated":true}]}}