{"id":36,"date":"2026-03-03T12:31:26","date_gmt":"2026-03-03T11:31:26","guid":{"rendered":"https:\/\/neokatechezy.pl\/?page_id=36"},"modified":"2026-03-03T13:28:02","modified_gmt":"2026-03-03T12:28:02","slug":"miejsce","status":"publish","type":"page","link":"https:\/\/neokatechezy.pl\/?page_id=36","title":{"rendered":"MIEJSCE"},"content":{"rendered":"\n<p class=\"has-contrast-3-background-color has-background\">Spotykamy si\u0119 w ko\u015bciele <a href=\"https:\/\/oliwa.cystersi.pl\/\" target=\"_blank\" rel=\"noreferrer noopener\">pw. Matki Bo\u017cej Kr\u00f3lowej Korony Polskiej<\/a>, wej\u015bcie od ulicy <strong>Le\u015bnej 5<\/strong>:<\/p>\n\n\n\n<iframe src=\"https:\/\/www.google.com\/maps\/embed?pb=!1m18!1m12!1m3!1d3849.10765299865!2d18.554830277645205!3d54.407081294829894!2m3!1f0!2f0!3f0!3m2!1i1024!2i768!4f13.1!3m3!1m2!1s0x46fd75343ae6c9fb%3A0xc5f29e43c5d75790!2zS2_Fm2Npw7PFgiBNQiBLcsOzbG93ZWogS29yb255IFBvbHNraWVq!5e1!3m2!1spl!2spl!4v1772540238878!5m2!1spl!2spl\" width=\"600\" height=\"450\" style=\"border:0;\" allowfullscreen=\"\" loading=\"lazy\" referrerpolicy=\"no-referrer-when-downgrade\"><\/iframe>\n\n\n\n<div style=\"height:20px\" aria-hidden=\"true\" class=\"wp-block-spacer\"><\/div>\n\n\n\n<p class=\"has-contrast-3-background-color has-background\">Rozpoczynamy po Mszy \u015awi\u0119tej wieczornej, wi\u0119c by\u0107 mo\u017ce trzeba b\u0119dzie chwilk\u0119 poczeka\u0107.<\/p>\n","protected":false},"excerpt":{"rendered":"<p>Spotykamy si\u0119 w ko\u015bciele pw. Matki Bo\u017cej Kr\u00f3lowej Korony Polskiej, wej\u015bcie od ulicy Le\u015bnej 5: Rozpoczynamy po Mszy \u015awi\u0119tej wieczornej, wi\u0119c by\u0107 mo\u017ce trzeba b\u0119dzie chwilk\u0119 poczeka\u0107.<\/p>\n","protected":false},"author":1,"featured_media":0,"parent":0,"menu_order":0,"comment_status":"closed","ping_status":"closed","template":"","meta":{"footnotes":""},"class_list":["post-36","page","type-page","status-publish"],"_links":{"self":[{"href":"https:\/\/neokatechezy.pl\/index.php?rest_route=\/wp\/v2\/pages\/36","targetHints":{"allow":["GET"]}}],"collection":[{"href":"https:\/\/neokatechezy.pl\/index.php?rest_route=\/wp\/v2\/pages"}],"about":[{"href":"https:\/\/neokatechezy.pl\/index.php?rest_route=\/wp\/v2\/types\/page"}],"author":[{"embeddable":true,"href":"https:\/\/neokatechezy.pl\/index.php?rest_route=\/wp\/v2\/users\/1"}],"replies":[{"embeddable":true,"href":"https:\/\/neokatechezy.pl\/index.php?rest_route=%2Fwp%2Fv2%2Fcomments&post=36"}],"version-history":[{"count":6,"href":"https:\/\/neokatechezy.pl\/index.php?rest_route=\/wp\/v2\/pages\/36\/revisions"}],"predecessor-version":[{"id":47,"href":"https:\/\/neokatechezy.pl\/index.php?rest_route=\/wp\/v2\/pages\/36\/revisions\/47"}],"wp:attachment":[{"href":"https:\/\/neokatechezy.pl\/index.php?rest_route=%2Fwp%2Fv2%2Fmedia&parent=36"}],"curies":[{"name":"wp","href":"https:\/\/api.w.org\/{rel}","templated":true}]}}