{"id":38,"date":"2026-03-03T12:31:44","date_gmt":"2026-03-03T11:31:44","guid":{"rendered":"https:\/\/neokatechezy.pl\/?page_id=38"},"modified":"2026-03-03T13:47:17","modified_gmt":"2026-03-03T12:47:17","slug":"o-drodze","status":"publish","type":"page","link":"https:\/\/neokatechezy.pl\/?page_id=38","title":{"rendered":"O DRODZE"},"content":{"rendered":"\n<p>W sieci mo\u017cna odnale\u017a\u0107 wiele informacji na temat Drogi Neokatechumenalnej.<\/p>\n\n\n\n<p>Je\u015bli interesuj\u0105 Ci\u0119 oficjalne, prawdziwe i sprawdzone dane z samego \u017ar\u00f3d\u0142a, zapraszamy na jedyn\u0105 oficjaln\u0105 stron\u0119 Drogi, przet\u0142umaczon\u0105 obecnie na 23 j\u0119zyki, pod adresem dla j. polskiego:<\/p>\n\n\n\n<p class=\"has-text-align-center has-large-font-size\"><strong><a href=\"https:\/\/neocatechumenaleiter.org\/pl\/\" target=\"_blank\" rel=\"noreferrer noopener\">neocatechumenaleiter.org\/pl\/<\/a><\/strong><\/p>\n\n\n\n<p><\/p>\n\n\n\n<hr class=\"wp-block-separator has-alpha-channel-opacity\"\/>\n\n\n\n<p><\/p>\n\n\n\n<figure class=\"wp-block-table\"><table class=\"has-base-3-color has-accent-background-color has-text-color has-background has-link-color has-fixed-layout\"><thead><tr><th>WSP\u00d3LNOTY<\/th><th>SEMINARIA<\/th><th>MISJE<\/th><\/tr><\/thead><tbody><tr><td>Wsp\u00f3lnoty: <strong>20 300<\/strong><\/td><td>Diecezjalne seminaria misyjne:<br>Seminaria Redemptoris Mater: <strong>116<\/strong><br><\/td><td>Rodziny na misji: <strong>936<\/strong> ewangelizuj\u0105cych w <strong>209<\/strong> Missio ad Gentes w <strong>68<\/strong> krajach<\/td><\/tr><tr><td>Diecezje: <strong>1392<\/strong><\/td><td>Seminarzy\u015bci: <strong>1 903<\/strong>  (61 diakon\u00f3w)<\/td><td>W celu wzmocnienia wsp\u00f3lnot, wspieraj\u0105c ich drog\u0119 wiary: <strong>738<\/strong> rodzin w r\u00f3\u017cnych krajach.<\/td><\/tr><tr><td>Parafie: <strong>6197<\/strong><\/td><td>Prezbiterzy uformowani w SRM: <strong>3263<\/strong><\/td><td>Rodziny w ekipach w\u0119drownych: <strong>300<\/strong>.<\/td><\/tr><tr><td>Narody: <strong>139<\/strong><\/td><td><\/td><td><\/td><\/tr><\/tbody><\/table><\/figure>\n","protected":false},"excerpt":{"rendered":"<p>W sieci mo\u017cna odnale\u017a\u0107 wiele informacji na temat Drogi Neokatechumenalnej. Je\u015bli interesuj\u0105 Ci\u0119 oficjalne, prawdziwe i sprawdzone dane z samego \u017ar\u00f3d\u0142a, zapraszamy na jedyn\u0105 oficjaln\u0105 stron\u0119 Drogi, przet\u0142umaczon\u0105 obecnie na 23 j\u0119zyki, pod adresem dla j. polskiego: neocatechumenaleiter.org\/pl\/ WSP\u00d3LNOTY SEMINARIA MISJE Wsp\u00f3lnoty: 20 300 Diecezjalne seminaria misyjne:Seminaria Redemptoris Mater: 116 Rodziny na misji: 936 ewangelizuj\u0105cych &#8230; <a title=\"O DRODZE\" class=\"read-more\" href=\"https:\/\/neokatechezy.pl\/?page_id=38\" aria-label=\"Dowiedz si\u0119 wi\u0119cej o O DRODZE\">Dowiedz si\u0119 wi\u0119cej<\/a><\/p>\n","protected":false},"author":1,"featured_media":0,"parent":0,"menu_order":0,"comment_status":"closed","ping_status":"closed","template":"","meta":{"footnotes":""},"class_list":["post-38","page","type-page","status-publish"],"_links":{"self":[{"href":"https:\/\/neokatechezy.pl\/index.php?rest_route=\/wp\/v2\/pages\/38","targetHints":{"allow":["GET"]}}],"collection":[{"href":"https:\/\/neokatechezy.pl\/index.php?rest_route=\/wp\/v2\/pages"}],"about":[{"href":"https:\/\/neokatechezy.pl\/index.php?rest_route=\/wp\/v2\/types\/page"}],"author":[{"embeddable":true,"href":"https:\/\/neokatechezy.pl\/index.php?rest_route=\/wp\/v2\/users\/1"}],"replies":[{"embeddable":true,"href":"https:\/\/neokatechezy.pl\/index.php?rest_route=%2Fwp%2Fv2%2Fcomments&post=38"}],"version-history":[{"count":8,"href":"https:\/\/neokatechezy.pl\/index.php?rest_route=\/wp\/v2\/pages\/38\/revisions"}],"predecessor-version":[{"id":59,"href":"https:\/\/neokatechezy.pl\/index.php?rest_route=\/wp\/v2\/pages\/38\/revisions\/59"}],"wp:attachment":[{"href":"https:\/\/neokatechezy.pl\/index.php?rest_route=%2Fwp%2Fv2%2Fmedia&parent=38"}],"curies":[{"name":"wp","href":"https:\/\/api.w.org\/{rel}","templated":true}]}}